{"id":61,"date":"2023-03-29T12:21:42","date_gmt":"2023-03-29T12:21:42","guid":{"rendered":"http:\/\/localhost\/wordpress\/?page_id=61"},"modified":"2023-07-12T09:38:33","modified_gmt":"2023-07-12T09:38:33","slug":"nous-contacter","status":"publish","type":"page","link":"https:\/\/www.sante-pourtous.net\/?page_id=61","title":{"rendered":"Nous contacter"},"content":{"rendered":"\n<p><strong>Veuillez remplir le formulaire ci-dessous pour nous \u00e9crire<\/strong><\/p>\n\n\n\n<p>Les champs marqu\u00e9s d&rsquo;un ast\u00e9rix (*) sont obligatoires<\/p>\n\n\n\n&nbsp;\n\n\n\n<div class=\"wp-block-contact-form-7-contact-form-selector\"><p class=\"wpcf7-contact-form-not-found\"><strong>Erreur\u00a0:<\/strong> Formulaire de contact non trouv\u00e9\u00a0!<\/p><\/div>\n","protected":false},"excerpt":{"rendered":"<p>Veuillez remplir le formulaire ci-dessous pour nous \u00e9crire Les champs marqu\u00e9s d&rsquo;un ast\u00e9rix (*) sont obligatoires &nbsp;<\/p>\n","protected":false},"author":1,"featured_media":0,"parent":0,"menu_order":0,"comment_status":"closed","ping_status":"closed","template":"","meta":{"footnotes":""},"class_list":["post-61","page","type-page","status-publish","hentry"],"_links":{"self":[{"href":"https:\/\/www.sante-pourtous.net\/index.php?rest_route=\/wp\/v2\/pages\/61","targetHints":{"allow":["GET"]}}],"collection":[{"href":"https:\/\/www.sante-pourtous.net\/index.php?rest_route=\/wp\/v2\/pages"}],"about":[{"href":"https:\/\/www.sante-pourtous.net\/index.php?rest_route=\/wp\/v2\/types\/page"}],"author":[{"embeddable":true,"href":"https:\/\/www.sante-pourtous.net\/index.php?rest_route=\/wp\/v2\/users\/1"}],"replies":[{"embeddable":true,"href":"https:\/\/www.sante-pourtous.net\/index.php?rest_route=%2Fwp%2Fv2%2Fcomments&post=61"}],"version-history":[{"count":5,"href":"https:\/\/www.sante-pourtous.net\/index.php?rest_route=\/wp\/v2\/pages\/61\/revisions"}],"predecessor-version":[{"id":414,"href":"https:\/\/www.sante-pourtous.net\/index.php?rest_route=\/wp\/v2\/pages\/61\/revisions\/414"}],"wp:attachment":[{"href":"https:\/\/www.sante-pourtous.net\/index.php?rest_route=%2Fwp%2Fv2%2Fmedia&parent=61"}],"curies":[{"name":"wp","href":"https:\/\/api.w.org\/{rel}","templated":true}]}}